{"id":49,"date":"2024-04-30T13:53:52","date_gmt":"2024-04-30T13:53:52","guid":{"rendered":"https:\/\/feldwerk.ch\/?page_id=49"},"modified":"2024-10-16T18:55:26","modified_gmt":"2024-10-16T18:55:26","slug":"startseite-2","status":"publish","type":"page","link":"https:\/\/feldwerk.ch\/","title":{"rendered":"Startseite"},"content":{"rendered":"\t\t<div data-elementor-type=\"wp-page\" data-elementor-id=\"49\" class=\"elementor elementor-49\">\n\t\t\t\t<header class=\"elementor-element elementor-element-1fbfcde7 e-con-full e-flex e-con e-parent\" data-id=\"1fbfcde7\" data-element_type=\"container\" data-settings=\"{&quot;background_background&quot;:&quot;classic&quot;,&quot;position&quot;:&quot;fixed&quot;,&quot;_ha_eqh_enable&quot;:false}\">\n\t\t<div data-ha-element-link=\"{&quot;url&quot;:&quot;https:\\\/\\\/feldwerk.ch\\\/?page_id=49&quot;,&quot;is_external&quot;:&quot;&quot;,&quot;nofollow&quot;:&quot;&quot;}\" style=\"cursor: pointer\" class=\"elementor-element elementor-element-3ac0cdb4 e-con-full e-flex e-con e-child\" data-id=\"3ac0cdb4\" data-element_type=\"container\" data-settings=\"{&quot;_ha_eqh_enable&quot;:false}\">\n\t\t\t\t<div class=\"elementor-element elementor-element-3e9d4b7d ha-css-transform-yes jltma-glass-effect-no elementor-widget elementor-widget-image\" data-id=\"3e9d4b7d\" data-element_type=\"widget\" data-widget_type=\"image.default\">\n\t\t\t\t<div class=\"elementor-widget-container\">\n\t\t\t<style>\/*! elementor - v3.21.0 - 30-04-2024 *\/\n.elementor-widget-image{text-align:center}.elementor-widget-image a{display:inline-block}.elementor-widget-image a img[src$=\".svg\"]{width:48px}.elementor-widget-image img{vertical-align:middle;display:inline-block}<\/style>\t\t\t\t\t\t\t\t\t\t<img fetchpriority=\"high\" decoding=\"async\" width=\"1480\" height=\"818\" src=\"https:\/\/feldwerk.ch\/wp-content\/uploads\/2024\/05\/Zeichenflaeche-1.png\" class=\"attachment-full size-full wp-image-93\" alt=\"\" srcset=\"https:\/\/feldwerk.ch\/wp-content\/uploads\/2024\/05\/Zeichenflaeche-1.png 1480w, https:\/\/feldwerk.ch\/wp-content\/uploads\/2024\/05\/Zeichenflaeche-1-300x166.png 300w, https:\/\/feldwerk.ch\/wp-content\/uploads\/2024\/05\/Zeichenflaeche-1-1024x566.png 1024w, https:\/\/feldwerk.ch\/wp-content\/uploads\/2024\/05\/Zeichenflaeche-1-768x424.png 768w\" sizes=\"(max-width: 1480px) 100vw, 1480px\" \/>\t\t\t\t\t\t\t\t\t\t\t\t\t<\/div>\n\t\t\t\t<\/div>\n\t\t\t\t<\/div>\n\t\t<div class=\"elementor-element elementor-element-7badeb28 e-con-full e-flex e-con e-child\" data-id=\"7badeb28\" data-element_type=\"container\" data-settings=\"{&quot;_ha_eqh_enable&quot;:false}\">\n\t\t\t\t<div class=\"elementor-element elementor-element-127e0b2 elementor-hidden-mobile jltma-glass-effect-no elementor-widget elementor-widget-heading\" data-id=\"127e0b2\" data-element_type=\"widget\" data-widget_type=\"heading.default\">\n\t\t\t\t<div class=\"elementor-widget-container\">\n\t\t\t<style>\/*! elementor - v3.21.0 - 30-04-2024 *\/\n.elementor-heading-title{padding:0;margin:0;line-height:1}.elementor-widget-heading .elementor-heading-title[class*=elementor-size-]>a{color:inherit;font-size:inherit;line-height:inherit}.elementor-widget-heading .elementor-heading-title.elementor-size-small{font-size:15px}.elementor-widget-heading .elementor-heading-title.elementor-size-medium{font-size:19px}.elementor-widget-heading .elementor-heading-title.elementor-size-large{font-size:29px}.elementor-widget-heading .elementor-heading-title.elementor-size-xl{font-size:39px}.elementor-widget-heading .elementor-heading-title.elementor-size-xxl{font-size:59px}<\/style><h2 class=\"elementor-heading-title elementor-size-default\">FELDWERK<\/h2>\t\t<\/div>\n\t\t\t\t<\/div>\n\t\t\t\t<\/div>\n\t\t<div class=\"elementor-element elementor-element-8e7ed82 e-con-full elementor-hidden-desktop elementor-hidden-tablet elementor-hidden-mobile e-flex e-con e-child\" data-id=\"8e7ed82\" data-element_type=\"container\" data-settings=\"{&quot;_ha_eqh_enable&quot;:false}\">\n\t\t\t\t<\/div>\n\t\t\t\t<\/header>\n\t\t<div class=\"elementor-element elementor-element-070393c e-flex e-con-boxed e-con e-parent\" data-id=\"070393c\" data-element_type=\"container\" data-settings=\"{&quot;_ha_eqh_enable&quot;:false}\">\n\t\t\t\t\t<div class=\"e-con-inner\">\n\t\t\t\t<div class=\"elementor-element elementor-element-9184733 jltma-glass-effect-no elementor-widget elementor-widget-spacer\" data-id=\"9184733\" data-element_type=\"widget\" data-widget_type=\"spacer.default\">\n\t\t\t\t<div class=\"elementor-widget-container\">\n\t\t\t<style>\/*! elementor - v3.21.0 - 30-04-2024 *\/\n.elementor-column .elementor-spacer-inner{height:var(--spacer-size)}.e-con{--container-widget-width:100%}.e-con-inner>.elementor-widget-spacer,.e-con>.elementor-widget-spacer{width:var(--container-widget-width,var(--spacer-size));--align-self:var(--container-widget-align-self,initial);--flex-shrink:0}.e-con-inner>.elementor-widget-spacer>.elementor-widget-container,.e-con>.elementor-widget-spacer>.elementor-widget-container{height:100%;width:100%}.e-con-inner>.elementor-widget-spacer>.elementor-widget-container>.elementor-spacer,.e-con>.elementor-widget-spacer>.elementor-widget-container>.elementor-spacer{height:100%}.e-con-inner>.elementor-widget-spacer>.elementor-widget-container>.elementor-spacer>.elementor-spacer-inner,.e-con>.elementor-widget-spacer>.elementor-widget-container>.elementor-spacer>.elementor-spacer-inner{height:var(--container-widget-height,var(--spacer-size))}.e-con-inner>.elementor-widget-spacer.elementor-widget-empty,.e-con>.elementor-widget-spacer.elementor-widget-empty{position:relative;min-height:22px;min-width:22px}.e-con-inner>.elementor-widget-spacer.elementor-widget-empty .elementor-widget-empty-icon,.e-con>.elementor-widget-spacer.elementor-widget-empty .elementor-widget-empty-icon{position:absolute;top:0;bottom:0;left:0;right:0;margin:auto;padding:0;width:22px;height:22px}<\/style>\t\t<div class=\"elementor-spacer\">\n\t\t\t<div class=\"elementor-spacer-inner\"><\/div>\n\t\t<\/div>\n\t\t\t\t<\/div>\n\t\t\t\t<\/div>\n\t\t\t\t\t<\/div>\n\t\t\t\t<\/div>\n\t\t<div class=\"elementor-element elementor-element-6c1e742 e-flex e-con-boxed e-con e-parent\" data-id=\"6c1e742\" data-element_type=\"container\" data-settings=\"{&quot;_ha_eqh_enable&quot;:false}\">\n\t\t\t\t\t<div class=\"e-con-inner\">\n\t\t<div data-ha-element-link=\"{&quot;url&quot;:&quot;https:\\\/\\\/feldwerk.ch\\\/?page_id=128&quot;,&quot;is_external&quot;:&quot;&quot;,&quot;nofollow&quot;:&quot;&quot;}\" style=\"cursor: pointer\" class=\"elementor-element elementor-element-c796e72 e-con-full e-flex e-con e-child\" data-id=\"c796e72\" data-element_type=\"container\" data-settings=\"{&quot;background_background&quot;:&quot;classic&quot;,&quot;_ha_eqh_enable&quot;:false}\">\n\t\t\t\t<\/div>\n\t\t<div class=\"elementor-element elementor-element-5ecc916 e-con-full e-flex e-con e-child\" data-id=\"5ecc916\" data-element_type=\"container\" data-settings=\"{&quot;background_background&quot;:&quot;classic&quot;,&quot;_ha_eqh_enable&quot;:false}\">\n\t\t\t\t<div class=\"elementor-element elementor-element-b849c11 jltma-glass-effect-no elementor-widget elementor-widget-heading\" data-id=\"b849c11\" data-element_type=\"widget\" data-widget_type=\"heading.default\">\n\t\t\t\t<div class=\"elementor-widget-container\">\n\t\t\t<h2 class=\"elementor-heading-title elementor-size-default\">Aktuelle <\/h2>\t\t<\/div>\n\t\t\t\t<\/div>\n\t\t\t\t<\/div>\n\t\t<div class=\"elementor-element elementor-element-1d69442 e-con-full e-flex e-con e-child\" data-id=\"1d69442\" data-element_type=\"container\" data-settings=\"{&quot;background_background&quot;:&quot;classic&quot;,&quot;_ha_eqh_enable&quot;:false}\">\n\t\t\t\t<div class=\"elementor-element elementor-element-1253dd5 jltma-glass-effect-no elementor-widget elementor-widget-heading\" data-id=\"1253dd5\" data-element_type=\"widget\" data-widget_type=\"heading.default\">\n\t\t\t\t<div class=\"elementor-widget-container\">\n\t\t\t<h2 class=\"elementor-heading-title elementor-size-default\">Community <\/h2>\t\t<\/div>\n\t\t\t\t<\/div>\n\t\t\t\t<\/div>\n\t\t<div class=\"elementor-element elementor-element-79c5cd7 e-con-full e-flex e-con e-child\" data-id=\"79c5cd7\" data-element_type=\"container\" data-settings=\"{&quot;background_background&quot;:&quot;classic&quot;,&quot;_ha_eqh_enable&quot;:false}\">\n\t\t\t\t<div class=\"elementor-element elementor-element-3bd6593 jltma-glass-effect-no elementor-widget elementor-widget-heading\" data-id=\"3bd6593\" data-element_type=\"widget\" data-widget_type=\"heading.default\">\n\t\t\t\t<div class=\"elementor-widget-container\">\n\t\t\t<h2 class=\"elementor-heading-title elementor-size-default\">Aktuelle Seminare<\/h2>\t\t<\/div>\n\t\t\t\t<\/div>\n\t\t\t\t<\/div>\n\t\t\t\t\t<\/div>\n\t\t\t\t<\/div>\n\t\t<div class=\"elementor-element elementor-element-bd7142a e-flex e-con-boxed e-con e-parent\" data-id=\"bd7142a\" data-element_type=\"container\" data-settings=\"{&quot;_ha_eqh_enable&quot;:false}\">\n\t\t\t\t\t<div class=\"e-con-inner\">\n\t\t\t\t\t<\/div>\n\t\t\t\t<\/div>\n\t\t<div class=\"elementor-element elementor-element-105cda3 e-flex e-con-boxed e-con e-parent\" data-id=\"105cda3\" data-element_type=\"container\" data-settings=\"{&quot;_ha_eqh_enable&quot;:false}\">\n\t\t\t\t\t<div class=\"e-con-inner\">\n\t\t\t\t<div class=\"elementor-element elementor-element-f351071 jltma-glass-effect-no elementor-widget elementor-widget-heading\" data-id=\"f351071\" data-element_type=\"widget\" data-widget_type=\"heading.default\">\n\t\t\t\t<div class=\"elementor-widget-container\">\n\t\t\t<h2 class=\"elementor-heading-title elementor-size-default\">Herzlich Willkommen!<\/h2>\t\t<\/div>\n\t\t\t\t<\/div>\n\t\t\t\t\t<\/div>\n\t\t\t\t<\/div>\n\t\t<div class=\"elementor-element elementor-element-113ac71e e-flex e-con-boxed e-con e-parent\" data-id=\"113ac71e\" data-element_type=\"container\" data-settings=\"{&quot;_ha_eqh_enable&quot;:false}\">\n\t\t\t\t\t<div class=\"e-con-inner\">\n\t\t\t\t<div class=\"elementor-element elementor-element-44e2ad06 jltma-glass-effect-no elementor-widget elementor-widget-heading\" data-id=\"44e2ad06\" data-element_type=\"widget\" data-widget_type=\"heading.default\">\n\t\t\t\t<div class=\"elementor-widget-container\">\n\t\t\t<h2 class=\"elementor-heading-title elementor-size-default\">HERZLICH WILLKOMMEN <br>SCH\u00d6N, DASS DU DA BIST<br>DIESE WEBSITE BEFINDET SICH IM AUFBAU<br>Info@feldwerk.ch<\/h2>\t\t<\/div>\n\t\t\t\t<\/div>\n\t\t\t\t\t<\/div>\n\t\t\t\t<\/div>\n\t\t<div class=\"elementor-element elementor-element-d4c7b4a e-flex e-con-boxed e-con e-parent\" data-id=\"d4c7b4a\" data-element_type=\"container\" data-settings=\"{&quot;_ha_eqh_enable&quot;:false}\">\n\t\t\t\t\t<div class=\"e-con-inner\">\n\t\t\t\t<div class=\"elementor-element elementor-element-ae47dbf jltma-glass-effect-no elementor-widget elementor-widget-text-editor\" data-id=\"ae47dbf\" data-element_type=\"widget\" data-widget_type=\"text-editor.default\">\n\t\t\t\t<div class=\"elementor-widget-container\">\n\t\t\t<style>\/*! elementor - v3.21.0 - 30-04-2024 *\/\n.elementor-widget-text-editor.elementor-drop-cap-view-stacked .elementor-drop-cap{background-color:#69727d;color:#fff}.elementor-widget-text-editor.elementor-drop-cap-view-framed .elementor-drop-cap{color:#69727d;border:3px solid;background-color:transparent}.elementor-widget-text-editor:not(.elementor-drop-cap-view-default) .elementor-drop-cap{margin-top:8px}.elementor-widget-text-editor:not(.elementor-drop-cap-view-default) .elementor-drop-cap-letter{width:1em;height:1em}.elementor-widget-text-editor .elementor-drop-cap{float:left;text-align:center;line-height:1;font-size:50px}.elementor-widget-text-editor .elementor-drop-cap-letter{display:inline-block}<\/style>\t\t\t\t<p class=\"p1\">Feldwerk ist ein Ort des Wachstums, der Selbsterkenntnis und des gemeinsamen Lernens und Lehrens im neuen Zeitalter des Lichts. Als Grundlage gilt die Lehre &#8220;Ein Kurs in Wundern&#8221;, ein universeller Lehrplan und ein spirituelles Werk, welches tiefgreifende Einsichten und transformative Werkzeuge f\u00fcr ein Leben in innerer- und \u00e4usserer F\u00fclle anbietet.\u00a0<\/p><p class=\"p1\">\u00a0<\/p><p class=\"p1\">\u00a0<\/p>\t\t\t\t\t\t<\/div>\n\t\t\t\t<\/div>\n\t\t\t\t\t<\/div>\n\t\t\t\t<\/div>\n\t\t<div class=\"elementor-element elementor-element-6752137 e-flex e-con-boxed e-con e-parent\" data-id=\"6752137\" data-element_type=\"container\" data-settings=\"{&quot;_ha_eqh_enable&quot;:false}\">\n\t\t\t\t\t<div class=\"e-con-inner\">\n\t\t\t\t<div class=\"elementor-element elementor-element-26ac27b jltma-glass-effect-no elementor-widget elementor-widget-spacer\" data-id=\"26ac27b\" data-element_type=\"widget\" data-widget_type=\"spacer.default\">\n\t\t\t\t<div class=\"elementor-widget-container\">\n\t\t\t\t\t<div class=\"elementor-spacer\">\n\t\t\t<div class=\"elementor-spacer-inner\"><\/div>\n\t\t<\/div>\n\t\t\t\t<\/div>\n\t\t\t\t<\/div>\n\t\t\t\t\t<\/div>\n\t\t\t\t<\/div>\n\t\t<div class=\"elementor-element elementor-element-63ef056f e-flex e-con-boxed e-con e-parent\" data-id=\"63ef056f\" data-element_type=\"container\" data-settings=\"{&quot;background_background&quot;:&quot;classic&quot;,&quot;_ha_eqh_enable&quot;:false}\">\n\t\t\t\t\t<div class=\"e-con-inner\">\n\t\t<div class=\"elementor-element elementor-element-77e65bbe e-flex e-con-boxed e-con e-child\" data-id=\"77e65bbe\" data-element_type=\"container\" data-settings=\"{&quot;background_background&quot;:&quot;classic&quot;,&quot;_ha_eqh_enable&quot;:false}\">\n\t\t\t\t\t<div class=\"e-con-inner\">\n\t\t<div class=\"elementor-element elementor-element-3a5215a1 e-con-full e-flex e-con e-child\" data-id=\"3a5215a1\" data-element_type=\"container\" data-settings=\"{&quot;_ha_eqh_enable&quot;:false}\">\n\t\t<div class=\"elementor-element elementor-element-d4ffd00 e-flex e-con-boxed e-con e-child\" data-id=\"d4ffd00\" data-element_type=\"container\" data-settings=\"{&quot;_ha_eqh_enable&quot;:false}\">\n\t\t\t\t\t<div class=\"e-con-inner\">\n\t\t<div class=\"elementor-element elementor-element-83a0daf e-con-full e-flex e-con e-child\" data-id=\"83a0daf\" data-element_type=\"container\" data-settings=\"{&quot;_ha_eqh_enable&quot;:false}\">\n\t\t\t\t<div class=\"elementor-element elementor-element-582285c8 jltma-glass-effect-no elementor-widget elementor-widget-heading\" data-id=\"582285c8\" data-element_type=\"widget\" data-widget_type=\"heading.default\">\n\t\t\t\t<div class=\"elementor-widget-container\">\n\t\t\t<h6 class=\"elementor-heading-title elementor-size-default\">Kontakt<\/h6>\t\t<\/div>\n\t\t\t\t<\/div>\n\t\t\t\t<div class=\"elementor-element elementor-element-f8d5cc9 elementor-mobile-align-center elementor-list-item-link-full_width jltma-glass-effect-no elementor-widget elementor-widget-icon-list\" data-id=\"f8d5cc9\" data-element_type=\"widget\" data-widget_type=\"icon-list.default\">\n\t\t\t\t<div class=\"elementor-widget-container\">\n\t\t\t<link rel=\"stylesheet\" href=\"https:\/\/feldwerk.ch\/wp-content\/plugins\/elementor\/assets\/css\/widget-icon-list.min.css\">\t\t<ul class=\"elementor-icon-list-items\">\n\t\t\t\t\t\t\t<li class=\"elementor-icon-list-item\">\n\t\t\t\t\t\t\t\t\t\t\t<a href=\"mailto:info@feldwerk.ch\">\n\n\t\t\t\t\t\t\t\t\t\t\t<span class=\"elementor-icon-list-text\">info@feldwerk.ch<\/span>\n\t\t\t\t\t\t\t\t\t\t\t<\/a>\n\t\t\t\t\t\t\t\t\t<\/li>\n\t\t\t\t\t\t<\/ul>\n\t\t\t\t<\/div>\n\t\t\t\t<\/div>\n\t\t\t\t<\/div>\n\t\t\t\t\t<\/div>\n\t\t\t\t<\/div>\n\t\t\t\t<\/div>\n\t\t<div class=\"elementor-element elementor-element-1520a4b e-con-full e-flex e-con e-child\" data-id=\"1520a4b\" data-element_type=\"container\" data-settings=\"{&quot;_ha_eqh_enable&quot;:false}\">\n\t\t<div class=\"elementor-element elementor-element-af09e1e e-flex e-con-boxed e-con e-child\" data-id=\"af09e1e\" data-element_type=\"container\" data-settings=\"{&quot;_ha_eqh_enable&quot;:false}\">\n\t\t\t\t\t<div class=\"e-con-inner\">\n\t\t<div class=\"elementor-element elementor-element-3d77eb0 e-con-full e-flex e-con e-child\" data-id=\"3d77eb0\" data-element_type=\"container\" data-settings=\"{&quot;_ha_eqh_enable&quot;:false}\">\n\t\t\t\t<div class=\"elementor-element elementor-element-cb705ab jltma-glass-effect-no elementor-widget elementor-widget-heading\" data-id=\"cb705ab\" data-element_type=\"widget\" data-widget_type=\"heading.default\">\n\t\t\t\t<div class=\"elementor-widget-container\">\n\t\t\t<h6 class=\"elementor-heading-title elementor-size-default\">Allgemeines<\/h6>\t\t<\/div>\n\t\t\t\t<\/div>\n\t\t\t\t<div class=\"elementor-element elementor-element-ab9d48b elementor-mobile-align-center elementor-list-item-link-full_width jltma-glass-effect-no elementor-widget elementor-widget-icon-list\" data-id=\"ab9d48b\" data-element_type=\"widget\" data-widget_type=\"icon-list.default\">\n\t\t\t\t<div class=\"elementor-widget-container\">\n\t\t\t\t\t<ul class=\"elementor-icon-list-items\">\n\t\t\t\t\t\t\t<li class=\"elementor-icon-list-item\">\n\t\t\t\t\t\t\t\t\t\t\t<a href=\"https:\/\/fabian-hartmann.ch\/index.php\/impressum-agb-datenschutz\/\">\n\n\t\t\t\t\t\t\t\t\t\t\t<span class=\"elementor-icon-list-text\">Impressum<\/span>\n\t\t\t\t\t\t\t\t\t\t\t<\/a>\n\t\t\t\t\t\t\t\t\t<\/li>\n\t\t\t\t\t\t\t\t<li class=\"elementor-icon-list-item\">\n\t\t\t\t\t\t\t\t\t\t\t<a href=\"https:\/\/fabian-hartmann.ch\/index.php\/impressum-agb-datenschutz\/\">\n\n\t\t\t\t\t\t\t\t\t\t\t<span class=\"elementor-icon-list-text\">Datenschutz<\/span>\n\t\t\t\t\t\t\t\t\t\t\t<\/a>\n\t\t\t\t\t\t\t\t\t<\/li>\n\t\t\t\t\t\t<\/ul>\n\t\t\t\t<\/div>\n\t\t\t\t<\/div>\n\t\t\t\t<\/div>\n\t\t\t\t\t<\/div>\n\t\t\t\t<\/div>\n\t\t\t\t<\/div>\n\t\t\t\t\t<\/div>\n\t\t\t\t<\/div>\n\t\t\t\t\t<\/div>\n\t\t\t\t<\/div>\n\t\t\t\t<\/div>\n\t\t","protected":false},"excerpt":{"rendered":"<p>FELDWERK Startseite Aktuelle Seminare Aktuelle Community Aktuelle Seminare Herzlich Willkommen! HERZLICH WILLKOMMEN SCH\u00d6N, DASS DU DA BISTDIESE WEBSITE BEFINDET SICH IM AUFBAUInfo@feldwerk.ch Feldwerk ist ein Ort des Wachstums, der Selbsterkenntnis und des gemeinsamen Lernens und Lehrens im neuen Zeitalter des Lichts. Als Grundlage gilt die Lehre &#8220;Ein Kurs in Wundern&#8221;, ein universeller Lehrplan und ein [&hellip;]<\/p>\n","protected":false},"author":1,"featured_media":0,"parent":0,"menu_order":0,"comment_status":"closed","ping_status":"closed","template":"","meta":{"footnotes":""},"class_list":["post-49","page","type-page","status-publish","hentry"],"yoast_head":"<!-- This site is optimized with the Yoast SEO plugin v22.8 - https:\/\/yoast.com\/wordpress\/plugins\/seo\/ -->\n<title>Startseite -<\/title>\n<meta name=\"robots\" content=\"noindex, follow, max-snippet:-1, max-image-preview:large, max-video-preview:-1\" \/>\n<meta property=\"og:locale\" content=\"de_DE\" \/>\n<meta property=\"og:type\" content=\"article\" \/>\n<meta property=\"og:title\" content=\"Startseite -\" \/>\n<meta property=\"og:description\" content=\"FELDWERK Startseite Aktuelle Seminare Aktuelle Community Aktuelle Seminare Herzlich Willkommen! HERZLICH WILLKOMMEN SCH\u00d6N, DASS DU DA BISTDIESE WEBSITE BEFINDET SICH IM AUFBAUInfo@feldwerk.ch Feldwerk ist ein Ort des Wachstums, der Selbsterkenntnis und des gemeinsamen Lernens und Lehrens im neuen Zeitalter des Lichts. Als Grundlage gilt die Lehre &#8220;Ein Kurs in Wundern&#8221;, ein universeller Lehrplan und ein [&hellip;]\" \/>\n<meta property=\"og:url\" content=\"https:\/\/feldwerk.ch\/\" \/>\n<meta property=\"article:modified_time\" content=\"2024-10-16T18:55:26+00:00\" \/>\n<meta property=\"og:image\" content=\"https:\/\/feldwerk.ch\/wp-content\/uploads\/2024\/05\/Zeichenflaeche-1.png\" \/>\n<meta name=\"twitter:card\" content=\"summary_large_image\" \/>\n<meta name=\"twitter:label1\" content=\"Gesch\u00e4tzte Lesezeit\" \/>\n\t<meta name=\"twitter:data1\" content=\"1\u00a0Minute\" \/>\n<script type=\"application\/ld+json\" class=\"yoast-schema-graph\">{\"@context\":\"https:\/\/schema.org\",\"@graph\":[{\"@type\":\"WebPage\",\"@id\":\"https:\/\/feldwerk.ch\/\",\"url\":\"https:\/\/feldwerk.ch\/\",\"name\":\"Startseite -\",\"isPartOf\":{\"@id\":\"https:\/\/feldwerk.ch\/#website\"},\"primaryImageOfPage\":{\"@id\":\"https:\/\/feldwerk.ch\/#primaryimage\"},\"image\":{\"@id\":\"https:\/\/feldwerk.ch\/#primaryimage\"},\"thumbnailUrl\":\"https:\/\/feldwerk.ch\/wp-content\/uploads\/2024\/05\/Zeichenflaeche-1.png\",\"datePublished\":\"2024-04-30T13:53:52+00:00\",\"dateModified\":\"2024-10-16T18:55:26+00:00\",\"breadcrumb\":{\"@id\":\"https:\/\/feldwerk.ch\/#breadcrumb\"},\"inLanguage\":\"de-CH\",\"potentialAction\":[{\"@type\":\"ReadAction\",\"target\":[\"https:\/\/feldwerk.ch\/\"]}]},{\"@type\":\"ImageObject\",\"inLanguage\":\"de-CH\",\"@id\":\"https:\/\/feldwerk.ch\/#primaryimage\",\"url\":\"https:\/\/feldwerk.ch\/wp-content\/uploads\/2024\/05\/Zeichenflaeche-1.png\",\"contentUrl\":\"https:\/\/feldwerk.ch\/wp-content\/uploads\/2024\/05\/Zeichenflaeche-1.png\",\"width\":1480,\"height\":818},{\"@type\":\"BreadcrumbList\",\"@id\":\"https:\/\/feldwerk.ch\/#breadcrumb\",\"itemListElement\":[{\"@type\":\"ListItem\",\"position\":1,\"name\":\"Startseite\",\"item\":\"https:\/\/feldwerk.ch\/\"},{\"@type\":\"ListItem\",\"position\":2,\"name\":\"Startseite\"}]},{\"@type\":\"WebSite\",\"@id\":\"https:\/\/feldwerk.ch\/#website\",\"url\":\"https:\/\/feldwerk.ch\/\",\"name\":\"\",\"description\":\"\",\"potentialAction\":[{\"@type\":\"SearchAction\",\"target\":{\"@type\":\"EntryPoint\",\"urlTemplate\":\"https:\/\/feldwerk.ch\/?s={search_term_string}\"},\"query-input\":\"required name=search_term_string\"}],\"inLanguage\":\"de-CH\"}]}<\/script>\n<!-- \/ Yoast SEO plugin. -->","yoast_head_json":{"title":"Startseite -","robots":{"index":"noindex","follow":"follow","max-snippet":"max-snippet:-1","max-image-preview":"max-image-preview:large","max-video-preview":"max-video-preview:-1"},"og_locale":"de_DE","og_type":"article","og_title":"Startseite -","og_description":"FELDWERK Startseite Aktuelle Seminare Aktuelle Community Aktuelle Seminare Herzlich Willkommen! HERZLICH WILLKOMMEN SCH\u00d6N, DASS DU DA BISTDIESE WEBSITE BEFINDET SICH IM AUFBAUInfo@feldwerk.ch Feldwerk ist ein Ort des Wachstums, der Selbsterkenntnis und des gemeinsamen Lernens und Lehrens im neuen Zeitalter des Lichts. Als Grundlage gilt die Lehre &#8220;Ein Kurs in Wundern&#8221;, ein universeller Lehrplan und ein [&hellip;]","og_url":"https:\/\/feldwerk.ch\/","article_modified_time":"2024-10-16T18:55:26+00:00","og_image":[{"url":"https:\/\/feldwerk.ch\/wp-content\/uploads\/2024\/05\/Zeichenflaeche-1.png"}],"twitter_card":"summary_large_image","twitter_misc":{"Gesch\u00e4tzte Lesezeit":"1\u00a0Minute"},"schema":{"@context":"https:\/\/schema.org","@graph":[{"@type":"WebPage","@id":"https:\/\/feldwerk.ch\/","url":"https:\/\/feldwerk.ch\/","name":"Startseite -","isPartOf":{"@id":"https:\/\/feldwerk.ch\/#website"},"primaryImageOfPage":{"@id":"https:\/\/feldwerk.ch\/#primaryimage"},"image":{"@id":"https:\/\/feldwerk.ch\/#primaryimage"},"thumbnailUrl":"https:\/\/feldwerk.ch\/wp-content\/uploads\/2024\/05\/Zeichenflaeche-1.png","datePublished":"2024-04-30T13:53:52+00:00","dateModified":"2024-10-16T18:55:26+00:00","breadcrumb":{"@id":"https:\/\/feldwerk.ch\/#breadcrumb"},"inLanguage":"de-CH","potentialAction":[{"@type":"ReadAction","target":["https:\/\/feldwerk.ch\/"]}]},{"@type":"ImageObject","inLanguage":"de-CH","@id":"https:\/\/feldwerk.ch\/#primaryimage","url":"https:\/\/feldwerk.ch\/wp-content\/uploads\/2024\/05\/Zeichenflaeche-1.png","contentUrl":"https:\/\/feldwerk.ch\/wp-content\/uploads\/2024\/05\/Zeichenflaeche-1.png","width":1480,"height":818},{"@type":"BreadcrumbList","@id":"https:\/\/feldwerk.ch\/#breadcrumb","itemListElement":[{"@type":"ListItem","position":1,"name":"Startseite","item":"https:\/\/feldwerk.ch\/"},{"@type":"ListItem","position":2,"name":"Startseite"}]},{"@type":"WebSite","@id":"https:\/\/feldwerk.ch\/#website","url":"https:\/\/feldwerk.ch\/","name":"","description":"","potentialAction":[{"@type":"SearchAction","target":{"@type":"EntryPoint","urlTemplate":"https:\/\/feldwerk.ch\/?s={search_term_string}"},"query-input":"required name=search_term_string"}],"inLanguage":"de-CH"}]}},"_links":{"self":[{"href":"https:\/\/feldwerk.ch\/index.php?rest_route=\/wp\/v2\/pages\/49","targetHints":{"allow":["GET"]}}],"collection":[{"href":"https:\/\/feldwerk.ch\/index.php?rest_route=\/wp\/v2\/pages"}],"about":[{"href":"https:\/\/feldwerk.ch\/index.php?rest_route=\/wp\/v2\/types\/page"}],"author":[{"embeddable":true,"href":"https:\/\/feldwerk.ch\/index.php?rest_route=\/wp\/v2\/users\/1"}],"replies":[{"embeddable":true,"href":"https:\/\/feldwerk.ch\/index.php?rest_route=%2Fwp%2Fv2%2Fcomments&post=49"}],"version-history":[{"count":216,"href":"https:\/\/feldwerk.ch\/index.php?rest_route=\/wp\/v2\/pages\/49\/revisions"}],"predecessor-version":[{"id":774,"href":"https:\/\/feldwerk.ch\/index.php?rest_route=\/wp\/v2\/pages\/49\/revisions\/774"}],"wp:attachment":[{"href":"https:\/\/feldwerk.ch\/index.php?rest_route=%2Fwp%2Fv2%2Fmedia&parent=49"}],"curies":[{"name":"wp","href":"https:\/\/api.w.org\/{rel}","templated":true}]}}